{"id":15,"date":"2017-07-04T13:54:24","date_gmt":"2017-07-04T11:54:24","guid":{"rendered":"http:\/\/gdr-gpl-ie.lacl.fr\/?page_id=15"},"modified":"2021-04-14T16:14:24","modified_gmt":"2021-04-14T14:14:24","slug":"description","status":"publish","type":"page","link":"http:\/\/gdr-gpl-ie.lacl.fr\/?page_id=15","title":{"rendered":"Description"},"content":{"rendered":"<h3><strong>Responsables<\/strong><\/h3>\n<ul>\n<li>R\u00e9gine Laleau<\/li>\n<li>Thomas Polacsek<\/li>\n<\/ul>\n<h3><strong>Th\u00e9matique scientifique<\/strong><\/h3>\n<p>L&rsquo;ing\u00e9nierie des exigences (IE) constitue une activit\u00e9 cruciale dans la construction de syst\u00e8mes. Elle couvre diff\u00e9rentes t\u00e2ches comme l&rsquo;\u00e9lucidation, l&rsquo;analyse, la sp\u00e9cification, la v\u00e9rification et la validation des exigences. L\u2019IE a un r\u00f4le majeur \u00e0 jouer dans la ma\u00eetrise de la complexit\u00e9 des syst\u00e8mes. En effet, dans un monde o\u00f9 les syst\u00e8mes sont de plus en plus complexes, de par l\u2019augmentation constante de leur taille, leur criticit\u00e9 potentielle ou leur inter-connectivit\u00e9 grandissante, il est n\u00e9cessaire de disposer d\u2019une gestion approfondie et efficace des exigences auxquelles ces syst\u00e8mes sont cens\u00e9s r\u00e9pondre. Face \u00e0 ce constat, l&rsquo;IE doit r\u00e9pondre \u00e0 de nouveaux d\u00e9fis pour prendre en compte en particulier le caract\u00e8re pluridisciplinaire des exigences ainsi que l&rsquo;\u00e9volution continue et in\u00e9vitable de ces m\u00eames syst\u00e8mes. Outre le g\u00e9nie logiciel, l&rsquo;IE est pr\u00e9sente dans divers domaines comme l&rsquo;ing\u00e9nierie des syst\u00e8mes complexes, incluant les syst\u00e8mes cyber-physiques, (transports, \u00e9nergie, a\u00e9ro-spacial) et les syst\u00e8mes d&rsquo;information.<\/p>\n<p>L&rsquo;IE requiert une expertise pouss\u00e9e dans de nombreuses disciplines, comme la gouvernance et l&rsquo;\u00e9conomie des entreprises,\u00a0 les sciences de l&rsquo;ing\u00e9nieur, l&rsquo;ergonomie, le droit, la psychologie ou encore la linguistique.<br \/>\nDe plus, depuis quelques ann\u00e9es, nous voyons \u00e9merger le besoin de d\u00e9montrer la conformit\u00e9 d\u2019un syst\u00e8me par rapport \u00e0 une norme (voir le d\u00e9fi\u00a0<em><span class=\"wikiexternallink\"><a href=\"https:\/\/gdrgpl.myxwiki.org\/xwiki\/bin\/download\/Main\/WebHome\/Quelle%20argumentation%20pour%20des%20syste%CC%80mes%20de%20confiance.pdf?rev=1.1\">Quelle argumentation pour des syst\u00e8mes de confiance ?<\/a><\/span><\/em>). En effet, qu\u2019il s\u2019agisse de s\u00e9curit\u00e9 (voir le d\u00e9fi\u00a0<em><span class=\"wikiexternallink\"><a href=\"https:\/\/gdrgpl.myxwiki.org\/xwiki\/bin\/download\/Main\/WebHome\/La%20se%CC%81curite%CC%81%20dans%20le%20de%CC%81veloppement%20logiciel.pdf?rev=1.1\">La s\u00e9curit\u00e9 dans le d\u00e9veloppement logiciel<\/a><\/span><\/em>) ou de protection des donn\u00e9es et de la vie priv\u00e9e, les syst\u00e8mes doivent de plus en plus se conformer \u00e0 un nombre croissant de r\u00e9glementations. Plus largement, dans un monde en constante \u00e9volution, o\u00f9 les utilisateurs ont de plus en plus d&rsquo;attentes, les syst\u00e8mes vont devoir d\u00e9montrer qu\u2019ils r\u00e9pondent \u00e0 des enjeux soci\u00e9taux tels que le d\u00e9veloppement durable, l\u2019\u00e9co\u00e9nerg\u00e9tique (voir le d\u00e9fi\u00a0<em><span class=\"wikiexternallink\"><a href=\"https:\/\/gdrgpl.myxwiki.org\/xwiki\/bin\/download\/Main\/WebHome\/GDR_GPL_2020___logiciels_verts.pdf?rev=1.1\">Vers des Logiciels \u00e9coresponsables : Le g\u00e9nie logiciel au d\u00e9fi de la sobri\u00e9t\u00e9 \u00e9cologique<\/a><\/span><\/em>), des consid\u00e9rations d\u2019explicabilit\u00e9 (voir le d\u00e9fi\u00a0<em><span class=\"wikiexternallink\"><a href=\"https:\/\/gdrgpl.myxwiki.org\/xwiki\/bin\/view\/Main\/GTs\/GT%20G%C3%A9nie%20Logiciel%20et%20Intelligence%20Artificielle%20%28GLIA%29\/\">G\u00e9nie Logiciel et Intelligence Artificielle<\/a><\/span><\/em>) ou de traitements \u00e9thiques.<\/p>\n<p>L&rsquo;objectif de ce groupe est de rassembler et de faire collaborer des \u00e9quipes autour de probl\u00e9matiques importantes li\u00e9es \u00e0 cette complexit\u00e9 croissante des syst\u00e8mes. Plusieurs d\u00e9fis sont \u00e0 relever :<\/p>\n<ul>\n<li>L&rsquo;\u00e9lucidation, la sp\u00e9cification et la mod\u00e9lisation des exigences aussi bien fonctionnelles que non fonctionnelles, en particulier la prise en compte du caract\u00e8re pluridisciplinaire des exigences associ\u00e9es \u00e0 des nouveaux types de syst\u00e8mes comme les syst\u00e8mes cyber-physiques.<\/li>\n<li>La v\u00e9rification et la validation, formelles ou non, des exigences (voir le d\u00e9fi\u00a0<span class=\"wikiexternallink\"><a href=\"https:\/\/gdrgpl.myxwiki.org\/xwiki\/bin\/download\/Main\/WebHome\/FM_systemes_emergents.pdf?rev=1.1\"><em>M\u00e9thodes formelles pour la conception, la programmation et la v\u00e9rification de syst\u00e8mes critiques \u00e9mergents<\/em><\/a><\/span>).<\/li>\n<li>La tra\u00e7abilit\u00e9 des exigences, depuis leur justification et leur expression en amont jusqu&rsquo;\u00e0 leur r\u00e9alisation dans le syst\u00e8me construit et leur \u00e9volution dans les variantes \u00e0 venir.<\/li>\n<li>L\u2019\u00e9tude du cas particulier des exigences relatives \u00e0 une norme, un standard ou une r\u00e9glementation et qui visent \u00e0 \u00e9tablir la confiance dans un syst\u00e8me (voir le d\u00e9fi\u00a0<span class=\"wikiexternallink\"><a href=\"https:\/\/gdrgpl.myxwiki.org\/xwiki\/bin\/download\/Main\/WebHome\/Quelle%20argumentation%20pour%20des%20syste%CC%80mes%20de%20confiance.pdf?rev=1.1\"><em>Quelle argumentation pour des syst\u00e8mes de confiance ?<\/em><\/a><\/span>)<\/li>\n<\/ul>\n<p>De par sa nature, ce groupe a de nombreuses interactions avec des groupes existants dans le GDR GPL, que ce soit les GT GLIA, HiFi, IDM, MTV2, Logiciel Eco-Responsable, ainsi qu\u2019avec d\u2019autres GDR\u00a0 sur des th\u00e9matiques pr\u00e9cises :<\/p>\n<ul>\n<li>les GDR S\u00e9curit\u00e9 Informatique, R\u00e9seaux et Syst\u00e8mes Distribu\u00e9s (RSD) et Masses de Donn\u00e9es, Informations et Connaissances en Sciences (MaDICS) sur les exigences li\u00e9es \u00e0 la\u00a0 S\u00e9curit\u00e9 Informatique et le respect de la vie priv\u00e9e,<\/li>\n<li>le GDR Aspects Formels et Algorithmiques de l&rsquo;Intelligence Artificielle (IA) sur les exigences li\u00e9es \u00e0 l\u2019apprentissage et \u00e0 la V&amp;V mais aussi \u00e0 l&rsquo;argumentation,<\/li>\n<li>le GDR Traitement Automatique des Langues (TAL) sur les aspects traitement des exigences en langage naturel.<\/li>\n<\/ul>\n<p>L\u2019ing\u00e9nierie des exigences est une th\u00e9matique qui int\u00e9resse tr\u00e8s fortement les industriels. Il existe d\u00e9j\u00e0 l\u2019association SPECIEF (<span class=\"wikiexternallink\"><a href=\"http:\/\/specief.org\/\">Soci\u00e9t\u00e9 pour la Promotion Et la Certification de l\u2019Ing\u00e9nierie des Exigences en langue Fran\u00e7aise<\/a><\/span>) qui regroupe des acteurs industriels et universitaires de l\u2019ing\u00e9nierie des exigences et dont l\u2019objectif est avant tout de promouvoir une pratique professionnelle de l\u2019IE. Il sera int\u00e9ressant de d\u00e9velopper des liens entre cette association et le groupe IE.<\/p>\n","protected":false},"excerpt":{"rendered":"<p>Responsables R\u00e9gine Laleau Thomas Polacsek Th\u00e9matique scientifique L&rsquo;ing\u00e9nierie des exigences (IE) constitue une activit\u00e9 cruciale dans la construction de syst\u00e8mes. Elle couvre diff\u00e9rentes t\u00e2ches comme l&rsquo;\u00e9lucidation, l&rsquo;analyse, la sp\u00e9cification, la v\u00e9rification et la validation des exigences. L\u2019IE a un r\u00f4le &hellip; <a href=\"http:\/\/gdr-gpl-ie.lacl.fr\/?page_id=15\">Continuer la lecture <span class=\"meta-nav\">&rarr;<\/span><\/a><\/p>\n","protected":false},"author":6,"featured_media":0,"parent":0,"menu_order":0,"comment_status":"closed","ping_status":"closed","template":"","meta":{"footnotes":""},"class_list":["post-15","page","type-page","status-publish","hentry"],"_links":{"self":[{"href":"http:\/\/gdr-gpl-ie.lacl.fr\/index.php?rest_route=\/wp\/v2\/pages\/15","targetHints":{"allow":["GET"]}}],"collection":[{"href":"http:\/\/gdr-gpl-ie.lacl.fr\/index.php?rest_route=\/wp\/v2\/pages"}],"about":[{"href":"http:\/\/gdr-gpl-ie.lacl.fr\/index.php?rest_route=\/wp\/v2\/types\/page"}],"author":[{"embeddable":true,"href":"http:\/\/gdr-gpl-ie.lacl.fr\/index.php?rest_route=\/wp\/v2\/users\/6"}],"replies":[{"embeddable":true,"href":"http:\/\/gdr-gpl-ie.lacl.fr\/index.php?rest_route=%2Fwp%2Fv2%2Fcomments&post=15"}],"version-history":[{"count":7,"href":"http:\/\/gdr-gpl-ie.lacl.fr\/index.php?rest_route=\/wp\/v2\/pages\/15\/revisions"}],"predecessor-version":[{"id":173,"href":"http:\/\/gdr-gpl-ie.lacl.fr\/index.php?rest_route=\/wp\/v2\/pages\/15\/revisions\/173"}],"wp:attachment":[{"href":"http:\/\/gdr-gpl-ie.lacl.fr\/index.php?rest_route=%2Fwp%2Fv2%2Fmedia&parent=15"}],"curies":[{"name":"wp","href":"https:\/\/api.w.org\/{rel}","templated":true}]}}